{"id":22,"date":"2016-11-17T20:51:28","date_gmt":"2016-11-17T20:51:28","guid":{"rendered":"http:\/\/ritamzdravlja.org\/?page_id=22"},"modified":"2020-10-03T22:35:50","modified_gmt":"2020-10-03T20:35:50","slug":"strana-3","status":"publish","type":"page","link":"https:\/\/ritamzdravlja.org\/en\/strana-3\/","title":{"rendered":"PROJECTS"},"content":{"rendered":"<p><strong><em>\u201cHajmo na piknik\u201d<\/em><\/strong><\/p>\n<p>Udru\u017eenje Ritam Zdravlja u naredne tri godine sprove\u0161\u0107e projekat\u00a0<em>\u201cHajmo na piknik\u201d<\/em> koji se bavi promovisanjem zdravih stilova \u017eivota i zelenih povr\u0161ina kao mesta od velikog zna\u010daja za lokalno stanovni\u0161tvo. \u201cHajdemo na piknik\u201d predstavlja deo krovnog projekta \u201cNovi Sad \u2013 Evropska prestonica mladih 2019. godine\u201d\u010diji je nosilac Omladinski savez udru\u017eenja \u201cNovi Sad omladinska prestonica Evrope\u2013OPENS\u201d (<a href=\"https:\/\/opens2019.rs\/\">https:\/\/opens2019.rs<\/a>). Krovni projekat ozna\u010den je kao projekat od nacionalnog zna\u010daja i zna\u010daja za Grad Novi Sad i finansira\/sufinansira se iz bud\u017eeta Ministarstva kulture i informisanja, Pokrajinskog sekretarijata za sport i omladinu AP Vojvodine i Grada Novog Sada.<\/p>\n<p>Projekat &#8220;Hajmo na piknik&#8221; je edukativnog karaktera i namenjen je na\u0161im mladim sugra\u0111anima uzrasta od 15 do 19 godina. Cilj projekta je promovisanje zdravih stilova \u017eivota i ukazivanja na va\u017enost o\u010duvanja zelenih povr\u0161ina (parkova) u Gradu kao mesta od velike va\u017enosti za stanovnike.\u00a0 U okviru projekta organizova\u0107e se piknici u gradskim parkovima, kroz interaktivne aktivnosti (radionice) podeljene u \u010detiri oblasti i to: Va\u017enost i o\u010duvanje zelenih povr\u0161ina, Fizi\u010dka aktivnost i zdravlje, Pravilna i zdrava ishrana, Organska proizvodnja i izbor namirnica. Kroz radionice mladi \u0107e se informisati o zna\u010daju parkova za kvalitet \u017eivota u sredinama u kojima \u017eive, nau\u010diti kako da samostalno pripremaju zdrave obroke, kako se uzgaja organska hrana, kao i da u\u017eivaju u razli\u010ditim fizi\u010dkim aktivnostima i shvate njenu va\u017enost za o\u010duvanje zdravlja.<br \/>\nU okviru aktivnosti koje podrazumevaju pripremu zdravih i ukusnih obroka, nastao je kuvar Hajmo na piknik, koji mo\u017eete skinuti <a href=\"http:\/\/ritamzdravlja.org\/wp-content\/uploads\/2019\/10\/Kuvar-Ritam-Zdravlja-Hajdemo-na-piknik.pdf\">ovde<\/a>.<\/p>\n<p>Kroz tri godine, mladi sa teritorije grada Novog Sada i prigradskih naselja bi\u0107e informisani o projektu i aktivnostima. Kroz mnogobrojne radionice koje \u0107e se realizovati tokom prve godine projekta o\u010dekuje se u\u010destvova\u0107e oko 4.000 mladih, dok \u0107e oko 6.000 mladih direktno biti upoznati sa aktivnostima projekta. Projektnim aktivnostima mogu se priklju\u010diti svi mladi od 15 do 19 godina zainteresovani za aktivno u\u010destvovanje i sticanje novih znanja.<\/p>\n<p><em><strong>&#8220;When We Play We Do Not Hate! Combating Hate Speech Through\u00a0Sport&#8221;<\/strong><\/em><\/p>\n<p>Me\u0111unarodna omladinska razmena u organizaciji Udr\u017eenja Ritma zdravlja imala je za cilj da mlade iz Portugala, Litvanije, Rumunije, Makedonije i Srbije aktivno uklju\u010di u organizovanje i sprovo\u0111enje aktivnosti koje doprinose spre\u010davanju pojave govora mr\u017enje i koje doprinose stvarnju sportskog duha i fizi\u010dke aktivnosti kao vida kvalitetnog provo\u0111enja slobodnog vremena kod mladih. 30 mladih iz zemalja u\u010desnica imali su da tokom 10 dana, provedenih na planini Rudnik, osmisle i razviju igre i aktivnosti koje doprinose ostvarivanju ciljeva projekta, a nakon povratka u svoje sredine da ih promovi\u0161u i sprovedu me\u0111u vr\u0161njacima.<\/p>\n<p>Rezultate njihove saradnje mo\u017eete pro\u010ditati u prir\u010dniku &#8220;Sport kao alat za borbu protiv govora mr\u017enje&#8221; koji mo\u017eete preuzeti na <a href=\"http:\/\/ritamzdravlja.org\/wp-content\/uploads\/2020\/09\/When-we-play.pdf\">ovom<\/a> linku.<\/p>\n<p><em><strong>\u00a0&#8220;Seeds for sustainable development \u201c<\/strong><\/em><\/p>\n<p>Me\u0111unarodni omladinski projekat imao je za cilj da rzvije kapacitete omladinskih udru\u017eenja i udru\u017eenja za mlade iz Rumunije, Portugala, Bosne i Hercegovine, Hrvatske i Srbije, za aktivno uklju\u010divanje u promociju i javno zagovaranje UN ciljeva odr\u017eivog razvoja. Projekat se sastojao od tri velike aktivnosti i mno\u0161tva manjih u zemljama u\u010desnicama projekta, koje su sprovodili mladi i omladinski radnici. Tokom 2016. godine u Srbiji su organizovani: me\u0111unarodni trening za 25 omladinskih radnika, me\u0111unarodna omladinska razmena za 42 mlade osobe i studijska poseta sa prakti\u010dnim pra\u0107enjem aktivnosti za lidere iz organizacija u\u010desnica u projektu. Zahvaljuju\u0107i lokalnoj podr\u0161ci u sklopu projekta objavljena je i publikacija na srpskom i engleskom jeziku\u00a0&#8220;Seeds for sustainable development&#8221; posve\u0107ena mladima i UN globalnim ciljevima odr\u017eivog razvoja.<\/p>\n<p><em><strong>&#8220;Kultura \u017eivljenja&#8221;<\/strong><\/em><\/p>\n<p>Zahvaljuju\u0107i svom uspehu, projekat je od 2015 godine prerastao u redovan program udru\u017eenja. Osnovni cilj projekta je da podigne nivo svesti novosa\u0111ana i novosa\u0111anki o odgovornom i prikladnom pona\u0161anju prema \u017eivotnoj sredini, kao i da pojasni njenu vezu sa na\u0161im zdravljem i zdravim stilovima \u017eivota, zatim prika\u017ee primere dobre prakse sugra\u0111ana i time motivi\u0161e ostale da ulo\u017ee dodatni napor za o\u010duvanje i za\u0161titu \u017eivotne sredine i zdravlja, kako bi Novi Sad bio lep\u0161e, zdravvije, kulturnije i prijatnije mesto za \u017eivot. Tokom tri godine realizacije\u00a0aktivnosti programa u projektu je u\u010destvovalo preko 5 000 ljudi koji su posetili aktivnosti realizovane u Katoli\u010dkoj porti grada. Tokom aktivnosti u\u010desnicima je kroz prakti\u010dne primere, predstavljena direktana korelacija izme\u0111u zdrave \u017eivotne sredine i njenog o\u010duvanja sa jedne strane i zdravlja i zdravih stilova \u017eivota sa druge strane.<\/p>\n","protected":false},"excerpt":{"rendered":"<p>\u201cHajmo na piknik\u201d Udru\u017eenje Ritam Zdravlja u naredne tri godine &hellip;<\/p>\n","protected":false},"author":1,"featured_media":0,"parent":0,"menu_order":0,"comment_status":"closed","ping_status":"closed","template":"","meta":{"jetpack_post_was_ever_published":false,"footnotes":""},"class_list":["post-22","page","type-page","status-publish","hentry"],"jetpack_sharing_enabled":true,"jetpack_shortlink":"https:\/\/wp.me\/P87DWM-m","jetpack-related-posts":[],"_links":{"self":[{"href":"https:\/\/ritamzdravlja.org\/en\/wp-json\/wp\/v2\/pages\/22","targetHints":{"allow":["GET"]}}],"collection":[{"href":"https:\/\/ritamzdravlja.org\/en\/wp-json\/wp\/v2\/pages"}],"about":[{"href":"https:\/\/ritamzdravlja.org\/en\/wp-json\/wp\/v2\/types\/page"}],"author":[{"embeddable":true,"href":"https:\/\/ritamzdravlja.org\/en\/wp-json\/wp\/v2\/users\/1"}],"replies":[{"embeddable":true,"href":"https:\/\/ritamzdravlja.org\/en\/wp-json\/wp\/v2\/comments?post=22"}],"version-history":[{"count":8,"href":"https:\/\/ritamzdravlja.org\/en\/wp-json\/wp\/v2\/pages\/22\/revisions"}],"predecessor-version":[{"id":1016,"href":"https:\/\/ritamzdravlja.org\/en\/wp-json\/wp\/v2\/pages\/22\/revisions\/1016"}],"wp:attachment":[{"href":"https:\/\/ritamzdravlja.org\/en\/wp-json\/wp\/v2\/media?parent=22"}],"curies":[{"name":"wp","href":"https:\/\/api.w.org\/{rel}","templated":true}]}}