{"id":18,"date":"2016-11-17T20:51:09","date_gmt":"2016-11-17T20:51:09","guid":{"rendered":"http:\/\/ritamzdravlja.org\/?page_id=18"},"modified":"2018-08-27T08:44:37","modified_gmt":"2018-08-27T08:44:37","slug":"o-nama","status":"publish","type":"page","link":"http:\/\/ritamzdravlja.org\/en\/o-nama\/","title":{"rendered":"ABOUT"},"content":{"rendered":"<p><span style=\"color: #000000;\">Udru\u017eenje Ritam Zdravlja osnovano je 2010. godine od strane mladih aktivnih ljudi \u010diji je osnovni cilj unapre\u0111enje kvaliteta \u017eivota stanovni\u0161tva. Aktivisti Ritma zdravlja su mladi, ali i oni malo stariji, stru\u010dnjaci u razli\u010ditim oblastima, kao i volonteri, koji svojim aktivnostima i delovanjem unapre\u0111uju i doprinose realizaciji glavnih delatnosti udru\u017eenja.<\/span><\/p>\n<p><span style=\"color: #000000;\">Od svog osnivanja, udru\u017eenje Ritam zdravlja neguje partnerski odnos sa drugim zainteresovanim stranama, pojedincima, institucijama i donatorima. U dosad\u0161njem radu udru\u017eenje\u00a0ima iza sebe brojne doma\u0107e i me\u0111unarodne projekte podr\u017eane kako od strane doma\u0107ih, tako \u00a0i stranih relevantni institucija.\u00a0Profesionalan odnos prema preuzetim obavezama i efikasno upravljanje raspolo\u017eivim resursima dovelo je do prepoznavanja Ritma zdravlja kao organizacije koja svoje principe i vrednosti pretvara u konkretne aktivnosti i programe, ispunjavaju\u0107i tako misiji koju je sebi postavila i daju\u0107i doprinos ostvarenju vizije dru\u0161tva u kojem \u017eeli da funkcioni\u0161e.<\/span><\/p>\n<p><span style=\"color: #000000;\">Glavne delatnosti udru\u017eenja:<\/span><\/p>\n<ul>\n<li><span style=\"color: #000000;\">Aktivna edukacija stanovni\u0161tva o svrsishodnosti i na\u010dinima unapre\u0111enja sopstvenog i javnog zdravlja kroz primenu postulata o pravilnoj ishrani, fizi\u010dkoj aktivnostima, higijene i suzbijanja hroni\u010dnih nezaraznih bolesti<\/span><\/li>\n<li><span style=\"color: #000000;\">Podizanje svesti gra\u0111ana o odgovornosti za stanje \u017eivotne i radne sredine implementacijom aktivnosti, projekata i programa koji to stanje pobolj\u0161avaju<\/span><\/li>\n<li><span style=\"color: #000000;\">Promovisanje mladih u nosioce dru\u0161tvenih de\u0161avanja i promena, ja\u010danjem njihovih kapaciteta na svim poljima<\/span><\/li>\n<li><span style=\"color: #000000;\">Kori\u0161\u0107enje savremenih na\u010dina komunikacije u svrhe povezivanja, edukacije i informisanja ciljnih populacija<\/span><\/li>\n<li><span style=\"color: #000000;\">Uspostavljanje prakse javnog zagovaranja, efikasnog komuniciranja i legalnih kanala putem kojih se uti\u010de na javno mnjenje<\/span><\/li>\n<\/ul>\n","protected":false},"excerpt":{"rendered":"<p>Udru\u017eenje Ritam Zdravlja osnovano je 2010. godine od strane mladih &hellip;<\/p>\n","protected":false},"author":1,"featured_media":43,"parent":0,"menu_order":0,"comment_status":"closed","ping_status":"closed","template":"","meta":{"jetpack_post_was_ever_published":false,"footnotes":""},"class_list":["post-18","page","type-page","status-publish","has-post-thumbnail","hentry"],"jetpack_sharing_enabled":true,"jetpack_shortlink":"https:\/\/wp.me\/P87DWM-i","jetpack-related-posts":[],"_links":{"self":[{"href":"http:\/\/ritamzdravlja.org\/en\/wp-json\/wp\/v2\/pages\/18","targetHints":{"allow":["GET"]}}],"collection":[{"href":"http:\/\/ritamzdravlja.org\/en\/wp-json\/wp\/v2\/pages"}],"about":[{"href":"http:\/\/ritamzdravlja.org\/en\/wp-json\/wp\/v2\/types\/page"}],"author":[{"embeddable":true,"href":"http:\/\/ritamzdravlja.org\/en\/wp-json\/wp\/v2\/users\/1"}],"replies":[{"embeddable":true,"href":"http:\/\/ritamzdravlja.org\/en\/wp-json\/wp\/v2\/comments?post=18"}],"version-history":[{"count":10,"href":"http:\/\/ritamzdravlja.org\/en\/wp-json\/wp\/v2\/pages\/18\/revisions"}],"predecessor-version":[{"id":540,"href":"http:\/\/ritamzdravlja.org\/en\/wp-json\/wp\/v2\/pages\/18\/revisions\/540"}],"wp:featuredmedia":[{"embeddable":true,"href":"http:\/\/ritamzdravlja.org\/en\/wp-json\/wp\/v2\/media\/43"}],"wp:attachment":[{"href":"http:\/\/ritamzdravlja.org\/en\/wp-json\/wp\/v2\/media?parent=18"}],"curies":[{"name":"wp","href":"https:\/\/api.w.org\/{rel}","templated":true}]}}